{"id":7860,"date":"2024-09-28T03:12:30","date_gmt":"2024-09-28T03:12:30","guid":{"rendered":"https:\/\/eud.vn\/?post_type=product&#038;p=7860"},"modified":"2024-10-09T09:18:14","modified_gmt":"2024-10-09T09:18:14","slug":"decorative-collection-14139-0","status":"publish","type":"product","link":"https:\/\/eud.vn\/index.php\/san-pham\/decorative-collection-14139-0\/","title":{"rendered":"DECORATIVE COLLECTION 14139.0"},"content":{"rendered":"","protected":false},"excerpt":{"rendered":"<div><span style=\"color: #ff9900;\"><strong><span style=\"color: #bb892c;\">TH\u00d4NG S\u1ed0 K\u1ef8 THU\u1eacT<\/span><\/strong><\/span><\/div>\n<div>\n<p>K\u00edch th\u01b0\u1edbc (cm) (D\u00e0i x R\u1ed9ng x Cao):\u00a0 D25 x W43 x H43<br \/>\nC\u00e2n n\u1eb7ng: 30,80 kg | 67,84 lb<br \/>\n<span style=\"color: #ff9900;\"><strong><span style=\"color: #bb892c;\">M\u00d4 T\u1ea2 S\u1ea2N PH\u1ea8Ma<br \/>\n<\/span><\/strong><\/span>\u0110\u1ed3ng h\u1ed3 alabaster tr\u1eafng tuy\u1ec7t \u0111\u1eb9p \u0111\u01b0\u1ee3c trang tr\u00ed b\u1eb1ng c\u00e1c chi ti\u1ebft \u0111\u00fac b\u1eb1ng \u0111\u1ed3ng v\u00e0 \u0111\u01b0\u1ee3c m\u1ea1 v\u00e0ng 24k.<br \/>\n\u0110\u01b0\u1ee3c trang tr\u00ed b\u1eb1ng m\u1ed9t con s\u01b0 t\u1eed b\u1eb1ng \u0111\u1ed3ng m\u1ea1 v\u00e0ng n\u1eb1m tr\u00ean m\u1ed9t vi\u00ean \u0111\u00e1 alabaster.<br \/>\nC\u00f3 \u0111\u1ed3ng h\u1ed3 c\u01a1 l\u00ean \u200b\u200bd\u00e2y c\u00f3t Bim Bam Key thanh l\u1ecbch c\u00f3 chu\u00f4ng. \u0110\u01b0\u1ee3c ch\u1ebf t\u00e1c th\u1ee7 c\u00f4ng t\u1ea1i Ch\u00e2u \u00c2u.<\/p>\n<\/div>\n","protected":false},"featured_media":7861,"template":"","meta":{"site-sidebar-layout":"default","site-content-layout":"default","ast-global-header-display":"","ast-banner-title-visibility":"","ast-main-header-display":"","ast-hfb-above-header-display":"","ast-hfb-below-header-display":"","ast-hfb-mobile-header-display":"","site-post-title":"","ast-breadcrumbs-content":"","ast-featured-img":"","footer-sml-layout":"","theme-transparent-header-meta":"default","adv-header-id-meta":"","stick-header-meta":"","header-above-stick-meta":"","header-main-stick-meta":"","header-below-stick-meta":""},"product_cat":[115,36],"product_tag":[],"class_list":{"0":"post-7860","1":"product","2":"type-product","3":"status-publish","4":"has-post-thumbnail","6":"product_cat-various","7":"product_cat-do-trung-bay","8":"desktop-align-left","9":"tablet-align-left","10":"mobile-align-left","12":"first","13":"instock","14":"taxable","15":"shipping-taxable","16":"product-type-simple"},"_links":{"self":[{"href":"https:\/\/eud.vn\/index.php\/wp-json\/wp\/v2\/product\/7860","targetHints":{"allow":["GET"]}}],"collection":[{"href":"https:\/\/eud.vn\/index.php\/wp-json\/wp\/v2\/product"}],"about":[{"href":"https:\/\/eud.vn\/index.php\/wp-json\/wp\/v2\/types\/product"}],"version-history":[{"count":1,"href":"https:\/\/eud.vn\/index.php\/wp-json\/wp\/v2\/product\/7860\/revisions"}],"predecessor-version":[{"id":7862,"href":"https:\/\/eud.vn\/index.php\/wp-json\/wp\/v2\/product\/7860\/revisions\/7862"}],"wp:featuredmedia":[{"embeddable":true,"href":"https:\/\/eud.vn\/index.php\/wp-json\/wp\/v2\/media\/7861"}],"wp:attachment":[{"href":"https:\/\/eud.vn\/index.php\/wp-json\/wp\/v2\/media?parent=7860"}],"wp:term":[{"taxonomy":"product_cat","embeddable":true,"href":"https:\/\/eud.vn\/index.php\/wp-json\/wp\/v2\/product_cat?post=7860"},{"taxonomy":"product_tag","embeddable":true,"href":"https:\/\/eud.vn\/index.php\/wp-json\/wp\/v2\/product_tag?post=7860"}],"curies":[{"name":"wp","href":"https:\/\/api.w.org\/{rel}","templated":true}]}}