{"id":6577,"date":"2024-08-28T08:47:07","date_gmt":"2024-08-28T08:47:07","guid":{"rendered":"https:\/\/eud.vn\/?post_type=product&#038;p=6577"},"modified":"2024-08-28T08:47:07","modified_gmt":"2024-08-28T08:47:07","slug":"royal-heritage-19348-0","status":"publish","type":"product","link":"https:\/\/eud.vn\/index.php\/san-pham\/royal-heritage-19348-0\/","title":{"rendered":"ROYAL HERITAGE &#8211; 19348.0"},"content":{"rendered":"","protected":false},"excerpt":{"rendered":"<div><span style=\"color: #ff9900;\"><strong><span style=\"color: #bb892c;\">TH\u00d4NG S\u1ed0 K\u1ef8 THU\u1eacT<\/span><\/strong><\/span><\/div>\n<div>\n<p>K\u00edch th\u01b0\u1edbc (cm) (D\u00e0i x R\u1ed9ng x Cao): W50 x H185<br \/>\nC\u00e2n n\u1eb7ng: 31,69 kg | 69,80 lb<br \/>\n<span style=\"color: #ff9900;\"><strong><span style=\"color: #bb892c;\">M\u00d4 T\u1ea2 S\u1ea2N PH\u1ea8M<br \/>\n<\/span><\/strong><\/span>Ch\u1ee5p \u0111\u00e8n \u0111\u01b0\u1ee3c l\u00e0m b\u1eb1ng v\u1ea3i ch\u1ea5t l\u01b0\u1ee3ng cao<br \/>\nTh\u00e2n \u0111\u00e8n b\u1eb1ng \u0111\u1ed3ng thau, x\u1eed l\u00fd tr\u00e1ng men k\u00edn<br \/>\n\u0110\u1ebf \u0111\u1ed3ng nguy\u00ean ch\u1ea5t, kh\u1ea3 n\u0103ng ch\u1ecbu l\u1ef1c m\u1ea1nh, ch\u1eafc ch\u1eafn v\u00e0 \u1ed5n \u0111\u1ecbnh<\/p>\n<\/div>\n","protected":false},"featured_media":6579,"template":"","meta":{"site-sidebar-layout":"default","site-content-layout":"default","ast-global-header-display":"","ast-banner-title-visibility":"","ast-main-header-display":"","ast-hfb-above-header-display":"","ast-hfb-below-header-display":"","ast-hfb-mobile-header-display":"","site-post-title":"","ast-breadcrumbs-content":"","ast-featured-img":"","footer-sml-layout":"","theme-transparent-header-meta":"default","adv-header-id-meta":"","stick-header-meta":"","header-above-stick-meta":"","header-main-stick-meta":"","header-below-stick-meta":""},"product_cat":[35,47],"product_tag":[],"class_list":{"0":"post-6577","1":"product","2":"type-product","3":"status-publish","4":"has-post-thumbnail","6":"product_cat-den-trang-chi","7":"product_cat-den-san","8":"desktop-align-left","9":"tablet-align-left","10":"mobile-align-left","12":"first","13":"instock","14":"taxable","15":"shipping-taxable","16":"product-type-simple"},"_links":{"self":[{"href":"https:\/\/eud.vn\/index.php\/wp-json\/wp\/v2\/product\/6577","targetHints":{"allow":["GET"]}}],"collection":[{"href":"https:\/\/eud.vn\/index.php\/wp-json\/wp\/v2\/product"}],"about":[{"href":"https:\/\/eud.vn\/index.php\/wp-json\/wp\/v2\/types\/product"}],"version-history":[{"count":1,"href":"https:\/\/eud.vn\/index.php\/wp-json\/wp\/v2\/product\/6577\/revisions"}],"predecessor-version":[{"id":6580,"href":"https:\/\/eud.vn\/index.php\/wp-json\/wp\/v2\/product\/6577\/revisions\/6580"}],"wp:featuredmedia":[{"embeddable":true,"href":"https:\/\/eud.vn\/index.php\/wp-json\/wp\/v2\/media\/6579"}],"wp:attachment":[{"href":"https:\/\/eud.vn\/index.php\/wp-json\/wp\/v2\/media?parent=6577"}],"wp:term":[{"taxonomy":"product_cat","embeddable":true,"href":"https:\/\/eud.vn\/index.php\/wp-json\/wp\/v2\/product_cat?post=6577"},{"taxonomy":"product_tag","embeddable":true,"href":"https:\/\/eud.vn\/index.php\/wp-json\/wp\/v2\/product_tag?post=6577"}],"curies":[{"name":"wp","href":"https:\/\/api.w.org\/{rel}","templated":true}]}}