{"id":4622,"date":"2024-08-20T09:17:19","date_gmt":"2024-08-20T09:17:19","guid":{"rendered":"https:\/\/eud.vn\/?post_type=product&#038;p=4622"},"modified":"2024-10-08T02:56:44","modified_gmt":"2024-10-08T02:56:44","slug":"4622","status":"publish","type":"product","link":"https:\/\/eud.vn\/index.php\/san-pham\/4622\/","title":{"rendered":"MONACO DINING TABLE &#8211; 50523.0"},"content":{"rendered":"","protected":false},"excerpt":{"rendered":"<div><span style=\"color: #ff9900;\"><strong><span style=\"color: #bb892c;\">TH\u00d4NG S\u1ed0 K\u1ef8 THU\u1eacT<\/span><\/strong><\/span><\/div>\n<div>\n<p>K\u00edch th\u01b0\u1edbc (cm) (D\u00e0i x R\u1ed9ng x Cao): L120 x W250 x H76<br \/>\nC\u00e2n n\u1eb7ng: 200,00 kg | 440,53 lb<br \/>\n<span style=\"color: #ff9900;\"><strong><span style=\"color: #bb892c;\">M\u00d4 T\u1ea2 S\u1ea2N PH\u1ea8M<br \/>\n<\/span><\/strong><\/span>Khung t\u1ee7 \u0111\u01b0\u1ee3c l\u00e0m t\u1eeb g\u1ed7 b\u00f3ng cao c\u1ea5p\/Satin<br \/>\nG\u1ed7 t\u00e2n b\u00ec \u0111\u00e3 r\u1eeda s\u1ea1ch v\u00e0 g\u1ed7 \u00f3c ch\u00f3 burl veneers, \u0111\u1ed3ng \u0111\u00fac<br \/>\nHoa v\u0103n \u0111\u01b0\u1ee3c \u0111\u1ed3ng \u0111\u00fac th\u1ee7 c\u00f4ng<br \/>\nM\u1eb7t b\u00e0n \u0111\u01b0\u1ee3c l\u00e0m t\u1eeb \u0111\u00e1 cao c\u1ea5p<\/p>\n<\/div>\n","protected":false},"featured_media":0,"template":"","meta":{"site-sidebar-layout":"default","site-content-layout":"default","ast-global-header-display":"","ast-banner-title-visibility":"","ast-main-header-display":"","ast-hfb-above-header-display":"","ast-hfb-below-header-display":"","ast-hfb-mobile-header-display":"","site-post-title":"","ast-breadcrumbs-content":"","ast-featured-img":"","footer-sml-layout":"","theme-transparent-header-meta":"default","adv-header-id-meta":"","stick-header-meta":"","header-above-stick-meta":"","header-main-stick-meta":"","header-below-stick-meta":""},"product_cat":[34,104,95],"product_tag":[],"class_list":{"0":"post-4622","1":"product","2":"type-product","3":"status-publish","5":"product_cat-noi-that-nhap-khau","6":"product_cat-gallery","7":"product_cat-monaco","8":"desktop-align-left","9":"tablet-align-left","10":"mobile-align-left","12":"first","13":"instock","14":"taxable","15":"shipping-taxable","16":"product-type-simple"},"_links":{"self":[{"href":"https:\/\/eud.vn\/index.php\/wp-json\/wp\/v2\/product\/4622","targetHints":{"allow":["GET"]}}],"collection":[{"href":"https:\/\/eud.vn\/index.php\/wp-json\/wp\/v2\/product"}],"about":[{"href":"https:\/\/eud.vn\/index.php\/wp-json\/wp\/v2\/types\/product"}],"version-history":[{"count":4,"href":"https:\/\/eud.vn\/index.php\/wp-json\/wp\/v2\/product\/4622\/revisions"}],"predecessor-version":[{"id":8668,"href":"https:\/\/eud.vn\/index.php\/wp-json\/wp\/v2\/product\/4622\/revisions\/8668"}],"wp:attachment":[{"href":"https:\/\/eud.vn\/index.php\/wp-json\/wp\/v2\/media?parent=4622"}],"wp:term":[{"taxonomy":"product_cat","embeddable":true,"href":"https:\/\/eud.vn\/index.php\/wp-json\/wp\/v2\/product_cat?post=4622"},{"taxonomy":"product_tag","embeddable":true,"href":"https:\/\/eud.vn\/index.php\/wp-json\/wp\/v2\/product_tag?post=4622"}],"curies":[{"name":"wp","href":"https:\/\/api.w.org\/{rel}","templated":true}]}}