{"id":4195,"date":"2024-08-19T10:49:10","date_gmt":"2024-08-19T10:49:10","guid":{"rendered":"https:\/\/eud.vn\/?post_type=product&#038;p=4195"},"modified":"2024-10-09T04:49:20","modified_gmt":"2024-10-09T04:49:20","slug":"singular-pieces-50355-1","status":"publish","type":"product","link":"https:\/\/eud.vn\/index.php\/san-pham\/singular-pieces-50355-1\/","title":{"rendered":"SINGULAR PIECES CONSOLE &#8211; 50355.1"},"content":{"rendered":"<p>B\u00e0n Console sang tr\u1ecdng \u0111\u1ed9c \u0111\u00e1o t\u1eeb B\u1ed9 s\u01b0u t\u1eadp Singular Pieces c\u1ee7a Mariner l\u00e0 m\u1ed9t s\u1ea3n ph\u1ea9m \u0111\u1ed9c \u0111\u00e1o v\u00e0 h\u1ea5p d\u1eabn, th\u1ec3 hi\u1ec7n s\u1ef1 t\u1eadn t\u00e2m c\u1ee7a th\u01b0\u01a1ng hi\u1ec7u \u0111\u1ed1i v\u1edbi ngh\u1ec1 th\u1ee7 c\u00f4ng \u0111\u1eb7c bi\u1ec7t v\u00e0 thi\u1ebft k\u1ebf s\u00e1ng t\u1ea1o. Chi\u1ebfc b\u00e0n n\u00e0y \u0111\u01b0\u1ee3c thi\u1ebft k\u1ebf \u0111\u1ec3 n\u1ed5i b\u1eadt trong b\u1ea5t k\u1ef3 kh\u00f4ng gian s\u1ed1ng tinh t\u1ebf n\u00e0o, \u0111\u00f3ng vai tr\u00f2 nh\u01b0 m\u1ed9t t\u00e1c ph\u1ea9m tuy\u00ean b\u1ed1 k\u1ebft h\u1ee3p ch\u1ee9c n\u0103ng v\u1edbi phong c\u00e1ch ngh\u1ec7 thu\u1eadt.<\/p>\n<p>B\u00e0n console Singular Pieces \u0111\u01b0\u1ee3c ch\u1ebf t\u00e1c t\u1ec9 m\u1ec9 t\u1eeb nh\u1eefng v\u1eadt li\u1ec7u t\u1ed1t nh\u1ea5t \u0111\u1ec3 \u0111\u1ea3m b\u1ea3o \u0111\u1ed9 b\u1ec1n v\u00e0 t\u00ednh th\u1ea9m m\u1ef9 tuy\u1ec7t v\u1eddi. Khung th\u01b0\u1eddng \u0111\u01b0\u1ee3c l\u00e0m t\u1eeb g\u1ed7 c\u1ee9ng cao c\u1ea5p, t\u1ea1o n\u00ean n\u1ec1n t\u1ea3ng v\u1eefng ch\u1eafc v\u00e0 \u1ed5n \u0111\u1ecbnh. M\u1eb7t b\u00e0n v\u00e0 b\u1ec1 m\u1eb7t \u0111\u01b0\u1ee3c trang tr\u00ed b\u1eb1ng g\u1ed7 d\u00e1n sang tr\u1ecdng, l\u1edbp ho\u00e0n thi\u1ec7n ch\u1ea5t l\u01b0\u1ee3ng cao ho\u1eb7c \u0111\u00e1 t\u1ef1 nhi\u00ean nh\u01b0 \u0111\u00e1 c\u1ea9m th\u1ea1ch, k\u00ednh ho\u1eb7c g\u1ed7 qu\u00fd hi\u1ebfm, \u0111\u01b0\u1ee3c l\u1ef1a ch\u1ecdn v\u00ec v\u1ebb \u0111\u1eb9p v\u00e0 \u0111\u1ed9 b\u1ec1n \u0111\u1ed9c \u0111\u00e1o c\u1ee7a ch\u00fang. Nh\u1eefng v\u1eadt li\u1ec7u h\u00e0ng \u0111\u1ea7u n\u00e0y \u0111\u1ea3m b\u1ea3o r\u1eb1ng b\u00e0n c\u00e0 ph\u00ea kh\u00f4ng ch\u1ec9 tr\u00f4ng tuy\u1ec7t \u0111\u1eb9p m\u00e0 c\u00f2n \u0111\u01b0\u1ee3c ch\u1ebf t\u1ea1o \u0111\u1ec3 b\u1ec1n l\u00e2u.<\/p>\n<p>Thi\u1ebft k\u1ebf c\u1ee7a B\u00e0n console sang tr\u1ecdng \u0111\u1ed9c \u0111\u00e1o \u0111\u01b0\u1ee3c \u0111\u1eb7c tr\u01b0ng b\u1edfi c\u00e1c chi ti\u1ebft ngh\u1ec7 thu\u1eadt v\u00e0 \u0111\u1eb7c bi\u1ec7t. Kh\u00f4ng gi\u1ed1ng nh\u01b0 c\u00e1c thi\u1ebft k\u1ebf th\u00f4ng th\u01b0\u1eddng, chi\u1ebfc b\u00e0n n\u00e0y c\u00f3 c\u00e1ch ti\u1ebfp c\u1eadn s\u00e1ng t\u1ea1o v\u00e0 ti\u00ean phong, v\u1edbi h\u00ecnh d\u1ea1ng, k\u1ebft c\u1ea5u v\u00e0 l\u1edbp ho\u00e0n thi\u1ec7n \u0111\u1ed9c \u0111\u00e1o gi\u00fap n\u00f3 tr\u1edf n\u00ean kh\u00e1c bi\u1ec7t. M\u1eb7t b\u00e0n c\u00f3 th\u1ec3 tr\u01b0ng b\u00e0y c\u00e1c chi ti\u1ebft kh\u1ea3m ph\u1ee9c t\u1ea1p, hoa v\u0103n tr\u1eebu t\u01b0\u1ee3ng ho\u1eb7c s\u1ef1 k\u1ebft h\u1ee3p c\u1ee7a c\u00e1c v\u1eadt li\u1ec7u t\u01b0\u01a1ng ph\u1ea3n l\u00e0m n\u1ed5i b\u1eadt tay ngh\u1ec1 th\u1ee7 c\u00f4ng \u0111i\u00eau luy\u1ec7n c\u1ee7a Mariner. C\u00e1c \u0111i\u1ec3m nh\u1ea5n trang tr\u00ed, ch\u1eb3ng h\u1ea1n nh\u01b0 ch\u00e2n \u0111\u01b0\u1ee3c \u0111i\u00eau kh\u1eafc ngh\u1ec7 thu\u1eadt ho\u1eb7c vi\u1ec1n kim lo\u1ea1i t\u00f9y ch\u1ec9nh, t\u1ea1o th\u00eam n\u00e9t tinh t\u1ebf v\u00e0 \u0111\u1ed9c \u0111\u00e1o cho thi\u1ebft k\u1ebf t\u1ed5ng th\u1ec3. K\u1ebft qu\u1ea3 l\u00e0 m\u1ed9t chi\u1ebfc B\u00e0n c\u00e0 ph\u00ea sang tr\u1ecdng \u0111\u1ed9c \u0111\u00e1o to\u00e1t l\u00ean v\u1ebb sang tr\u1ecdng hi\u1ec7n \u0111\u1ea1i v\u00e0 ph\u00f9 h\u1ee3p ho\u00e0n h\u1ea3o v\u1edbi c\u00e1c phong c\u00e1ch n\u1ed9i th\u1ea5t chi\u1ebft trung v\u00e0 cao c\u1ea5p.<\/p>\n<p>Th\u00eam n\u00e9t tinh t\u1ebf cho kh\u00f4ng gian s\u1ed1ng c\u1ee7a b\u1ea1n v\u1edbi B\u00e0n console sang tr\u1ecdng Mariner. S\u1ea3n ph\u1ea9m thanh l\u1ecbch n\u00e0y c\u00f3 thi\u1ebft k\u1ebf \u0111\u1eb9p m\u1eaft v\u1edbi khung g\u1ed7 \u0111\u01b0\u1ee3c ch\u1ebf t\u00e1c tinh x\u1ea3o v\u00e0 l\u1edbp ho\u00e0n thi\u1ec7n \u0111\u01b0\u1ee3c \u0111\u00e1nh b\u00f3ng. B\u00e0n console sang tr\u1ecdng \u0111\u1ed9c \u0111\u00e1o v\u1edbi phong c\u00e1ch tinh t\u1ebf v\u00e0 tay ngh\u1ec1 th\u1ee7 c\u00f4ng ho\u00e0n h\u1ea3o l\u00e0m cho n\u00f3 tr\u1edf th\u00e0nh trung t\u00e2m ho\u00e0n h\u1ea3o cho b\u1ea5t k\u1ef3 ph\u00f2ng kh\u00e1ch phong c\u00e1ch n\u00e0o.<\/p>\n","protected":false},"excerpt":{"rendered":"<div><span style=\"color: #ff9900;\"><strong><span style=\"color: #bb892c;\">TH\u00d4NG S\u1ed0 K\u1ef8 THU\u1eacT<\/span><\/strong><\/span><\/div>\n<div>\n<p>K\u00edch th\u01b0\u1edbc (cm) (D\u00e0i x R\u1ed9ng x Cao): L53 x W152 x H90<br \/>\nC\u00e2n n\u1eb7ng: 55,00 kg | 121,15 lb<br \/>\n<span style=\"color: #ff9900;\"><strong><span style=\"color: #bb892c;\">M\u00d4 T\u1ea2 S\u1ea2N PH\u1ea8M<br \/>\n<\/span><\/strong><\/span>Console \u0111\u01b0\u1ee3c l\u00e0m t\u1eeb g\u1ed7 cao c\u1ea5p<br \/>\nG\u1ed7 t\u00e2n b\u00ec v\u00e0 g\u1ed7 \u00f3c ch\u00f3 veneer<br \/>\nHoa v\u0103n \u0111\u01b0\u1ee3c \u0111\u1ed3ng \u0111\u00fac m\u1ea1 v\u00e0ng th\u1ee7 c\u00f4ng<\/p>\n<\/div>\n","protected":false},"featured_media":8917,"template":"","meta":{"site-sidebar-layout":"default","site-content-layout":"default","ast-global-header-display":"","ast-banner-title-visibility":"","ast-main-header-display":"","ast-hfb-above-header-display":"","ast-hfb-below-header-display":"","ast-hfb-mobile-header-display":"","site-post-title":"","ast-breadcrumbs-content":"","ast-featured-img":"","footer-sml-layout":"","theme-transparent-header-meta":"default","adv-header-id-meta":"","stick-header-meta":"","header-above-stick-meta":"","header-main-stick-meta":"","header-below-stick-meta":""},"product_cat":[34,103,105],"product_tag":[],"class_list":{"0":"post-4195","1":"product","2":"type-product","3":"status-publish","4":"has-post-thumbnail","6":"product_cat-noi-that-nhap-khau","7":"product_cat-co-dien","8":"product_cat-singular-pieces","9":"desktop-align-left","10":"tablet-align-left","11":"mobile-align-left","13":"first","14":"instock","15":"taxable","16":"shipping-taxable","17":"product-type-simple"},"_links":{"self":[{"href":"https:\/\/eud.vn\/index.php\/wp-json\/wp\/v2\/product\/4195","targetHints":{"allow":["GET"]}}],"collection":[{"href":"https:\/\/eud.vn\/index.php\/wp-json\/wp\/v2\/product"}],"about":[{"href":"https:\/\/eud.vn\/index.php\/wp-json\/wp\/v2\/types\/product"}],"version-history":[{"count":5,"href":"https:\/\/eud.vn\/index.php\/wp-json\/wp\/v2\/product\/4195\/revisions"}],"predecessor-version":[{"id":8484,"href":"https:\/\/eud.vn\/index.php\/wp-json\/wp\/v2\/product\/4195\/revisions\/8484"}],"wp:featuredmedia":[{"embeddable":true,"href":"https:\/\/eud.vn\/index.php\/wp-json\/wp\/v2\/media\/8917"}],"wp:attachment":[{"href":"https:\/\/eud.vn\/index.php\/wp-json\/wp\/v2\/media?parent=4195"}],"wp:term":[{"taxonomy":"product_cat","embeddable":true,"href":"https:\/\/eud.vn\/index.php\/wp-json\/wp\/v2\/product_cat?post=4195"},{"taxonomy":"product_tag","embeddable":true,"href":"https:\/\/eud.vn\/index.php\/wp-json\/wp\/v2\/product_tag?post=4195"}],"curies":[{"name":"wp","href":"https:\/\/api.w.org\/{rel}","templated":true}]}}