{"id":7023,"date":"2024-08-30T04:19:04","date_gmt":"2024-08-30T04:19:04","guid":{"rendered":"https:\/\/eud.vn\/?post_type=product&#038;p=7023"},"modified":"2024-08-30T04:19:04","modified_gmt":"2024-08-30T04:19:04","slug":"19211-1","status":"publish","type":"product","link":"http:\/\/eud.vn\/index.php\/san-pham\/19211-1\/","title":{"rendered":"19211-1"},"content":{"rendered":"","protected":false},"excerpt":{"rendered":"<div><span style=\"color: #ff9900;\"><strong><span style=\"color: #bb892c;\">TH\u00d4NG S\u1ed0 K\u1ef8 THU\u1eacT<\/span><\/strong><\/span><\/div>\n<div>\n<p>K\u00edch th\u01b0\u1edbc (cm) (D\u00e0i x R\u1ed9ng x Cao): L35 x W20 x H28<br \/>\nC\u00e2n n\u1eb7ng: 3,40 kg | 7,49 lb<br \/>\n<span style=\"color: #ff9900;\"><strong><span style=\"color: #bb892c;\">M\u00d4 T\u1ea2 S\u1ea2N PH\u1ea8M<br \/>\n<\/span><\/strong><\/span>K\u1ebft c\u1ea5u \u0111\u1ed3ng \u0111\u00fac nguy\u00ean kh\u1ed1i &amp; \u0111\u00e1 th\u1ea1ch cao<br \/>\nKh\u1ea3 n\u0103ng ch\u1ecbu l\u1ef1c m\u1ea1nh, ch\u1eafc ch\u1eafn v\u00e0 \u1ed5n \u0111\u1ecbnh<\/p>\n<\/div>\n","protected":false},"featured_media":7024,"template":"","meta":{"site-sidebar-layout":"default","site-content-layout":"default","ast-global-header-display":"","ast-banner-title-visibility":"","ast-main-header-display":"","ast-hfb-above-header-display":"","ast-hfb-below-header-display":"","ast-hfb-mobile-header-display":"","site-post-title":"","ast-breadcrumbs-content":"","ast-featured-img":"","footer-sml-layout":"","theme-transparent-header-meta":"default","adv-header-id-meta":"","stick-header-meta":"","header-above-stick-meta":"","header-main-stick-meta":"","header-below-stick-meta":""},"product_cat":[35,50],"product_tag":[],"class_list":{"0":"post-7023","1":"product","2":"type-product","3":"status-publish","4":"has-post-thumbnail","6":"product_cat-den-trang-chi","7":"product_cat-den-gan-tuong","8":"desktop-align-left","9":"tablet-align-left","10":"mobile-align-left","12":"first","13":"instock","14":"taxable","15":"shipping-taxable","16":"product-type-simple"},"_links":{"self":[{"href":"http:\/\/eud.vn\/index.php\/wp-json\/wp\/v2\/product\/7023","targetHints":{"allow":["GET"]}}],"collection":[{"href":"http:\/\/eud.vn\/index.php\/wp-json\/wp\/v2\/product"}],"about":[{"href":"http:\/\/eud.vn\/index.php\/wp-json\/wp\/v2\/types\/product"}],"version-history":[{"count":1,"href":"http:\/\/eud.vn\/index.php\/wp-json\/wp\/v2\/product\/7023\/revisions"}],"predecessor-version":[{"id":7025,"href":"http:\/\/eud.vn\/index.php\/wp-json\/wp\/v2\/product\/7023\/revisions\/7025"}],"wp:featuredmedia":[{"embeddable":true,"href":"http:\/\/eud.vn\/index.php\/wp-json\/wp\/v2\/media\/7024"}],"wp:attachment":[{"href":"http:\/\/eud.vn\/index.php\/wp-json\/wp\/v2\/media?parent=7023"}],"wp:term":[{"taxonomy":"product_cat","embeddable":true,"href":"http:\/\/eud.vn\/index.php\/wp-json\/wp\/v2\/product_cat?post=7023"},{"taxonomy":"product_tag","embeddable":true,"href":"http:\/\/eud.vn\/index.php\/wp-json\/wp\/v2\/product_tag?post=7023"}],"curies":[{"name":"wp","href":"https:\/\/api.w.org\/{rel}","templated":true}]}}