{"id":5374,"date":"2024-08-21T09:46:15","date_gmt":"2024-08-21T09:46:15","guid":{"rendered":"https:\/\/eud.vn\/?post_type=product&#038;p=5374"},"modified":"2024-10-10T04:35:06","modified_gmt":"2024-10-10T04:35:06","slug":"volga-1-seater-02415-0","status":"publish","type":"product","link":"http:\/\/eud.vn\/index.php\/san-pham\/volga-1-seater-02415-0\/","title":{"rendered":"VOLGA SOFA 1 SEATER &#8211; 02415.0"},"content":{"rendered":"","protected":false},"excerpt":{"rendered":"<div><span style=\"color: #ff9900;\"><strong><span style=\"color: #bb892c;\">TH\u00d4NG S\u1ed0 K\u1ef8 THU\u1eacT<\/span><\/strong><\/span><\/div>\n<div>\n<p>K\u00edch th\u01b0\u1edbc (cm) (D\u00e0i x R\u1ed9ng x Cao): L81 x W135 x H120<br \/>\nC\u00e2n n\u1eb7ng: 37,00 kg | 81,50 lb<br \/>\n<span style=\"color: #ff9900;\"><strong><span style=\"color: #bb892c;\">M\u00d4 T\u1ea2 S\u1ea2N PH\u1ea8M<br \/>\n<\/span><\/strong><\/span>Khung gh\u1ebf \u0111\u01b0\u1ee3c l\u00e0m t\u1eeb g\u1ed7 cao c\u1ea5p v\u00e0 ph\u1ee7 satin<br \/>\nG\u1ed7 t\u00e2n b\u00ec \u0111\u00e3 r\u1eeda v\u00e0 g\u1ed7 \u00f3c ch\u00f3 veneers<br \/>\nSofa \u0111\u01b0\u1ee3c b\u1ecdc v\u1ea3i, da cao c\u1ea5p<br \/>\nChi ti\u1ebft \u0111\u01b0\u1ee3c \u0111\u1ed3ng \u0111\u00fac m\u1ea1 v\u00e0ng th\u1ee7 c\u00f4ng<br \/>\nC\u00f3 g\u1ed1i \u0111i k\u00e8m<\/p>\n<\/div>\n","protected":false},"featured_media":9092,"template":"","meta":{"site-sidebar-layout":"default","site-content-layout":"default","ast-global-header-display":"","ast-banner-title-visibility":"","ast-main-header-display":"","ast-hfb-above-header-display":"","ast-hfb-below-header-display":"","ast-hfb-mobile-header-display":"","site-post-title":"","ast-breadcrumbs-content":"","ast-featured-img":"","footer-sml-layout":"","theme-transparent-header-meta":"default","adv-header-id-meta":"","stick-header-meta":"","header-above-stick-meta":"","header-main-stick-meta":"","header-below-stick-meta":""},"product_cat":[34,103,109],"product_tag":[],"class_list":{"0":"post-5374","1":"product","2":"type-product","3":"status-publish","4":"has-post-thumbnail","6":"product_cat-noi-that-nhap-khau","7":"product_cat-co-dien","8":"product_cat-volga","9":"desktop-align-left","10":"tablet-align-left","11":"mobile-align-left","13":"first","14":"instock","15":"taxable","16":"shipping-taxable","17":"product-type-simple"},"_links":{"self":[{"href":"http:\/\/eud.vn\/index.php\/wp-json\/wp\/v2\/product\/5374","targetHints":{"allow":["GET"]}}],"collection":[{"href":"http:\/\/eud.vn\/index.php\/wp-json\/wp\/v2\/product"}],"about":[{"href":"http:\/\/eud.vn\/index.php\/wp-json\/wp\/v2\/types\/product"}],"version-history":[{"count":2,"href":"http:\/\/eud.vn\/index.php\/wp-json\/wp\/v2\/product\/5374\/revisions"}],"predecessor-version":[{"id":8788,"href":"http:\/\/eud.vn\/index.php\/wp-json\/wp\/v2\/product\/5374\/revisions\/8788"}],"wp:featuredmedia":[{"embeddable":true,"href":"http:\/\/eud.vn\/index.php\/wp-json\/wp\/v2\/media\/9092"}],"wp:attachment":[{"href":"http:\/\/eud.vn\/index.php\/wp-json\/wp\/v2\/media?parent=5374"}],"wp:term":[{"taxonomy":"product_cat","embeddable":true,"href":"http:\/\/eud.vn\/index.php\/wp-json\/wp\/v2\/product_cat?post=5374"},{"taxonomy":"product_tag","embeddable":true,"href":"http:\/\/eud.vn\/index.php\/wp-json\/wp\/v2\/product_tag?post=5374"}],"curies":[{"name":"wp","href":"https:\/\/api.w.org\/{rel}","templated":true}]}}