{"id":4941,"date":"2024-08-21T04:28:13","date_gmt":"2024-08-21T04:28:13","guid":{"rendered":"https:\/\/eud.vn\/?post_type=product&#038;p=4941"},"modified":"2024-10-09T08:03:06","modified_gmt":"2024-10-09T08:03:06","slug":"singular-pieces-50061-0","status":"publish","type":"product","link":"http:\/\/eud.vn\/index.php\/san-pham\/singular-pieces-50061-0\/","title":{"rendered":"SINGULAR PIECES MIRROR &#8211; 50061.0"},"content":{"rendered":"","protected":false},"excerpt":{"rendered":"<div><span style=\"color: #ff9900;\"><strong><span style=\"color: #bb892c;\">TH\u00d4NG S\u1ed0 K\u1ef8 THU\u1eacT<\/span><\/strong><\/span><\/div>\n<div>\n<p>K\u00edch th\u01b0\u1edbc (cm) (D\u00e0i x R\u1ed9ng x Cao): L9 x W94 x H138<br \/>\nC\u00e2n n\u1eb7ng: 34,00 kg | 74,89 lb<br \/>\n<span style=\"color: #ff9900;\"><strong><span style=\"color: #bb892c;\">M\u00d4 T\u1ea2 S\u1ea2N PH\u1ea8M<br \/>\n<\/span><\/strong><\/span>\u0110\u01b0\u1ee3c l\u00e0m t\u1eeb g\u1ed7 b\u00f3ng cao c\u1ea5p<br \/>\nG\u1ed7 t\u00e2n b\u00ec \u0111\u00e3 r\u1eeda s\u1ea1ch v\u00e0 g\u1ed7 \u00f3c ch\u00f3 burl veneers<\/p>\n<\/div>\n","protected":false},"featured_media":8948,"template":"","meta":{"site-sidebar-layout":"default","site-content-layout":"default","ast-global-header-display":"","ast-banner-title-visibility":"","ast-main-header-display":"","ast-hfb-above-header-display":"","ast-hfb-below-header-display":"","ast-hfb-mobile-header-display":"","site-post-title":"","ast-breadcrumbs-content":"","ast-featured-img":"","footer-sml-layout":"","theme-transparent-header-meta":"default","adv-header-id-meta":"","stick-header-meta":"","header-above-stick-meta":"","header-main-stick-meta":"","header-below-stick-meta":""},"product_cat":[34,103,105],"product_tag":[],"class_list":{"0":"post-4941","1":"product","2":"type-product","3":"status-publish","4":"has-post-thumbnail","6":"product_cat-noi-that-nhap-khau","7":"product_cat-co-dien","8":"product_cat-singular-pieces","9":"desktop-align-left","10":"tablet-align-left","11":"mobile-align-left","13":"first","14":"instock","15":"taxable","16":"shipping-taxable","17":"product-type-simple"},"_links":{"self":[{"href":"http:\/\/eud.vn\/index.php\/wp-json\/wp\/v2\/product\/4941","targetHints":{"allow":["GET"]}}],"collection":[{"href":"http:\/\/eud.vn\/index.php\/wp-json\/wp\/v2\/product"}],"about":[{"href":"http:\/\/eud.vn\/index.php\/wp-json\/wp\/v2\/types\/product"}],"version-history":[{"count":2,"href":"http:\/\/eud.vn\/index.php\/wp-json\/wp\/v2\/product\/4941\/revisions"}],"predecessor-version":[{"id":8504,"href":"http:\/\/eud.vn\/index.php\/wp-json\/wp\/v2\/product\/4941\/revisions\/8504"}],"wp:featuredmedia":[{"embeddable":true,"href":"http:\/\/eud.vn\/index.php\/wp-json\/wp\/v2\/media\/8948"}],"wp:attachment":[{"href":"http:\/\/eud.vn\/index.php\/wp-json\/wp\/v2\/media?parent=4941"}],"wp:term":[{"taxonomy":"product_cat","embeddable":true,"href":"http:\/\/eud.vn\/index.php\/wp-json\/wp\/v2\/product_cat?post=4941"},{"taxonomy":"product_tag","embeddable":true,"href":"http:\/\/eud.vn\/index.php\/wp-json\/wp\/v2\/product_tag?post=4941"}],"curies":[{"name":"wp","href":"https:\/\/api.w.org\/{rel}","templated":true}]}}